{"id":141,"date":"2026-05-05T18:21:52","date_gmt":"2026-05-05T18:21:52","guid":{"rendered":"https:\/\/activesafe.com.co\/?page_id=141"},"modified":"2026-05-05T18:45:32","modified_gmt":"2026-05-05T18:45:32","slug":"descuentos","status":"publish","type":"page","link":"https:\/\/activesafe.com.co\/?page_id=141","title":{"rendered":"Descuentos"},"content":{"rendered":"\t\t<div data-elementor-type=\"wp-page\" data-elementor-id=\"141\" class=\"elementor elementor-141\" data-elementor-post-type=\"page\">\n\t\t\t\t<div class=\"elementor-element elementor-element-ef2e914 e-flex e-con-boxed e-con e-parent\" data-id=\"ef2e914\" data-element_type=\"container\" data-e-type=\"container\">\n\t\t\t\t\t<div class=\"e-con-inner\">\n\t\t<div class=\"elementor-element elementor-element-2ce150b e-con-full e-flex e-con e-child\" data-id=\"2ce150b\" data-element_type=\"container\" data-e-type=\"container\">\n\t\t\t\t<div class=\"elementor-element elementor-element-c0f502f elementor-widget elementor-widget-image\" data-id=\"c0f502f\" data-element_type=\"widget\" data-e-type=\"widget\" data-widget_type=\"image.default\">\n\t\t\t\t\t\t\t\t\t\t\t\t\t\t\t<img fetchpriority=\"high\" decoding=\"async\" width=\"539\" height=\"301\" src=\"https:\/\/activesafe.com.co\/wp-content\/uploads\/2026\/05\/Capafvtura.png\" class=\"attachment-large size-large wp-image-81\" alt=\"\" srcset=\"https:\/\/activesafe.com.co\/wp-content\/uploads\/2026\/05\/Capafvtura.png 539w, https:\/\/activesafe.com.co\/wp-content\/uploads\/2026\/05\/Capafvtura-300x168.png 300w\" sizes=\"(max-width: 539px) 100vw, 539px\" \/>\t\t\t\t\t\t\t\t\t\t\t\t\t\t\t<\/div>\n\t\t\t\t<\/div>\n\t\t<div class=\"elementor-element elementor-element-0dc244f e-con-full e-flex e-con e-child\" data-id=\"0dc244f\" data-element_type=\"container\" data-e-type=\"container\">\n\t\t\t\t<div class=\"elementor-element elementor-element-dacc029 elementor-widget elementor-widget-heading\" data-id=\"dacc029\" data-element_type=\"widget\" data-e-type=\"widget\" data-widget_type=\"heading.default\">\n\t\t\t\t\t<h1 class=\"elementor-heading-title elementor-size-default\">Descuentos<\/h1>\t\t\t\t<\/div>\n\t\t\t\t<\/div>\n\t\t\t\t\t<\/div>\n\t\t\t\t<\/div>\n\t\t\t\t<section class=\"elementor-section elementor-top-section elementor-element elementor-element-68e1dcb elementor-section-boxed elementor-section-height-default elementor-section-height-default\" data-id=\"68e1dcb\" data-element_type=\"section\" data-e-type=\"section\" data-settings=\"{&quot;mdp_selection_sticky_effect_enable&quot;:false}\">\n\t\t\t\t\t\t\t<div class=\"elementor-background-overlay\"><\/div>\n\t\t\t\t\t\t\t<div class=\"elementor-container elementor-column-gap-default\">\n\t\t\t\t\t<div class=\"elementor-column elementor-col-100 elementor-top-column elementor-element elementor-element-8e2b843\" data-id=\"8e2b843\" data-element_type=\"column\" data-e-type=\"column\" data-settings=\"{&quot;mdp_selection_sticky_column_effect_enable&quot;:false}\">\n\t\t\t<div class=\"elementor-widget-wrap elementor-element-populated\">\n\t\t\t\t\t\t<div class=\"elementor-element elementor-element-dd05f28 elementor-widget__width-initial elementor-widget-tablet__width-initial elementor-widget-mobile__width-initial elementor-position-top elementor-widget elementor-widget-image-box\" data-id=\"dd05f28\" data-element_type=\"widget\" data-e-type=\"widget\" data-widget_type=\"image-box.default\">\n\t\t\t\t\t<div class=\"elementor-image-box-wrapper\"><figure class=\"elementor-image-box-img\"><a href=\"https:\/\/activesafe.com.co\/?page_id=160\" tabindex=\"-1\"><img decoding=\"async\" width=\"577\" height=\"691\" src=\"https:\/\/activesafe.com.co\/wp-content\/uploads\/2026\/05\/Captsfgnura.png\" class=\"elementor-animation-float attachment-full size-full wp-image-143\" alt=\"\" srcset=\"https:\/\/activesafe.com.co\/wp-content\/uploads\/2026\/05\/Captsfgnura.png 577w, https:\/\/activesafe.com.co\/wp-content\/uploads\/2026\/05\/Captsfgnura-251x300.png 251w\" sizes=\"(max-width: 577px) 100vw, 577px\" \/><\/a><\/figure><div class=\"elementor-image-box-content\"><h5 class=\"elementor-image-box-title\"><a href=\"https:\/\/activesafe.com.co\/?page_id=160\">Conoce M\u00e1s<\/a><\/h5><\/div><\/div>\t\t\t\t<\/div>\n\t\t\t\t<div class=\"elementor-element elementor-element-3fe52c2 elementor-widget__width-initial elementor-widget-tablet__width-initial elementor-widget-mobile__width-initial elementor-position-top elementor-widget elementor-widget-image-box\" data-id=\"3fe52c2\" data-element_type=\"widget\" data-e-type=\"widget\" data-widget_type=\"image-box.default\">\n\t\t\t\t\t<div class=\"elementor-image-box-wrapper\"><figure class=\"elementor-image-box-img\"><a href=\"https:\/\/activesafe.com.co\/?page_id=160\" tabindex=\"-1\"><img decoding=\"async\" width=\"577\" height=\"691\" src=\"https:\/\/activesafe.com.co\/wp-content\/uploads\/2026\/05\/Captsfgnura.png\" class=\"elementor-animation-float attachment-full size-full wp-image-143\" alt=\"\" srcset=\"https:\/\/activesafe.com.co\/wp-content\/uploads\/2026\/05\/Captsfgnura.png 577w, https:\/\/activesafe.com.co\/wp-content\/uploads\/2026\/05\/Captsfgnura-251x300.png 251w\" sizes=\"(max-width: 577px) 100vw, 577px\" \/><\/a><\/figure><div class=\"elementor-image-box-content\"><h5 class=\"elementor-image-box-title\"><a href=\"https:\/\/activesafe.com.co\/?page_id=160\">Conoce M\u00e1s<\/a><\/h5><\/div><\/div>\t\t\t\t<\/div>\n\t\t\t\t<div class=\"elementor-element elementor-element-0ac30ba elementor-widget__width-initial elementor-widget-tablet__width-initial elementor-widget-mobile__width-initial elementor-position-top elementor-widget elementor-widget-image-box\" data-id=\"0ac30ba\" data-element_type=\"widget\" data-e-type=\"widget\" data-widget_type=\"image-box.default\">\n\t\t\t\t\t<div class=\"elementor-image-box-wrapper\"><figure class=\"elementor-image-box-img\"><a href=\"https:\/\/activesafe.com.co\/?page_id=160\" tabindex=\"-1\"><img decoding=\"async\" width=\"577\" height=\"691\" src=\"https:\/\/activesafe.com.co\/wp-content\/uploads\/2026\/05\/Captsfgnura.png\" class=\"elementor-animation-float attachment-full size-full wp-image-143\" alt=\"\" srcset=\"https:\/\/activesafe.com.co\/wp-content\/uploads\/2026\/05\/Captsfgnura.png 577w, https:\/\/activesafe.com.co\/wp-content\/uploads\/2026\/05\/Captsfgnura-251x300.png 251w\" sizes=\"(max-width: 577px) 100vw, 577px\" \/><\/a><\/figure><div class=\"elementor-image-box-content\"><h5 class=\"elementor-image-box-title\"><a href=\"https:\/\/activesafe.com.co\/?page_id=160\">Conoce M\u00e1s<\/a><\/h5><\/div><\/div>\t\t\t\t<\/div>\n\t\t\t\t\t<\/div>\n\t\t<\/div>\n\t\t\t\t\t<\/div>\n\t\t<\/section>\n\t\t\t\t<\/div>\n\t\t","protected":false},"excerpt":{"rendered":"<p>Descuentos Conoce M\u00e1s Conoce M\u00e1s Conoce M\u00e1s<\/p>\n","protected":false},"author":1,"featured_media":0,"parent":0,"menu_order":0,"comment_status":"closed","ping_status":"closed","template":"elementor_header_footer","meta":{"footnotes":""},"class_list":["post-141","page","type-page","status-publish","hentry"],"_links":{"self":[{"href":"https:\/\/activesafe.com.co\/index.php?rest_route=\/wp\/v2\/pages\/141","targetHints":{"allow":["GET"]}}],"collection":[{"href":"https:\/\/activesafe.com.co\/index.php?rest_route=\/wp\/v2\/pages"}],"about":[{"href":"https:\/\/activesafe.com.co\/index.php?rest_route=\/wp\/v2\/types\/page"}],"author":[{"embeddable":true,"href":"https:\/\/activesafe.com.co\/index.php?rest_route=\/wp\/v2\/users\/1"}],"replies":[{"embeddable":true,"href":"https:\/\/activesafe.com.co\/index.php?rest_route=%2Fwp%2Fv2%2Fcomments&post=141"}],"version-history":[{"count":7,"href":"https:\/\/activesafe.com.co\/index.php?rest_route=\/wp\/v2\/pages\/141\/revisions"}],"predecessor-version":[{"id":184,"href":"https:\/\/activesafe.com.co\/index.php?rest_route=\/wp\/v2\/pages\/141\/revisions\/184"}],"wp:attachment":[{"href":"https:\/\/activesafe.com.co\/index.php?rest_route=%2Fwp%2Fv2%2Fmedia&parent=141"}],"curies":[{"name":"wp","href":"https:\/\/api.w.org\/{rel}","templated":true}]}}