{"id":160,"date":"2026-05-05T18:33:41","date_gmt":"2026-05-05T18:33:41","guid":{"rendered":"https:\/\/activesafe.com.co\/?page_id=160"},"modified":"2026-05-05T18:49:35","modified_gmt":"2026-05-05T18:49:35","slug":"decathlon","status":"publish","type":"page","link":"https:\/\/activesafe.com.co\/?page_id=160","title":{"rendered":"Decathlon"},"content":{"rendered":"\t\t<div data-elementor-type=\"wp-page\" data-elementor-id=\"160\" class=\"elementor elementor-160\" data-elementor-post-type=\"page\">\n\t\t\t\t\t\t<section class=\"elementor-section elementor-top-section elementor-element elementor-element-691ce44 elementor-section-content-middle elementor-reverse-tablet elementor-section-boxed elementor-section-height-default elementor-section-height-default\" data-id=\"691ce44\" data-element_type=\"section\" data-e-type=\"section\" data-settings=\"{&quot;mdp_selection_sticky_effect_enable&quot;:false}\">\n\t\t\t\t\t\t\t<div class=\"elementor-background-overlay\"><\/div>\n\t\t\t\t\t\t\t<div class=\"elementor-container elementor-column-gap-default\">\n\t\t\t\t\t<div class=\"elementor-column elementor-col-50 elementor-top-column elementor-element elementor-element-4d719bd\" data-id=\"4d719bd\" data-element_type=\"column\" data-e-type=\"column\" data-settings=\"{&quot;mdp_selection_sticky_column_effect_enable&quot;:false}\">\n\t\t\t<div class=\"elementor-widget-wrap elementor-element-populated\">\n\t\t\t\t\t\t<div class=\"elementor-element elementor-element-909228d elementor-widget elementor-widget-image\" data-id=\"909228d\" data-element_type=\"widget\" data-e-type=\"widget\" data-widget_type=\"image.default\">\n\t\t\t\t\t\t\t\t\t\t\t\t\t\t\t<img fetchpriority=\"high\" decoding=\"async\" width=\"736\" height=\"131\" src=\"https:\/\/activesafe.com.co\/wp-content\/uploads\/2026\/05\/Caadfptura-Photoroom.png\" class=\"attachment-large size-large wp-image-164\" alt=\"\" srcset=\"https:\/\/activesafe.com.co\/wp-content\/uploads\/2026\/05\/Caadfptura-Photoroom.png 736w, https:\/\/activesafe.com.co\/wp-content\/uploads\/2026\/05\/Caadfptura-Photoroom-300x53.png 300w\" sizes=\"(max-width: 736px) 100vw, 736px\" \/>\t\t\t\t\t\t\t\t\t\t\t\t\t\t\t<\/div>\n\t\t\t\t<div class=\"elementor-element elementor-element-269eb261 elementor-widget elementor-widget-heading\" data-id=\"269eb261\" data-element_type=\"widget\" data-e-type=\"widget\" data-widget_type=\"heading.default\">\n\t\t\t\t\t<h3 class=\"elementor-heading-title elementor-size-default\">Descripci\u00f3n:<\/h3>\t\t\t\t<\/div>\n\t\t\t\t<div class=\"elementor-element elementor-element-be70fd0 elementor-widget elementor-widget-text-editor\" data-id=\"be70fd0\" data-element_type=\"widget\" data-e-type=\"widget\" data-widget_type=\"text-editor.default\">\n\t\t\t\t\t\t\t\t\t<p>Descuento del 15 % en todos los art\u00edculos deportivos para adultos, categor\u00edas monta\u00f1ismo.<\/p>\t\t\t\t\t\t\t\t<\/div>\n\t\t\t\t<div class=\"elementor-element elementor-element-f8da0c6 elementor-widget elementor-widget-heading\" data-id=\"f8da0c6\" data-element_type=\"widget\" data-e-type=\"widget\" data-widget_type=\"heading.default\">\n\t\t\t\t\t<h3 class=\"elementor-heading-title elementor-size-default\">\u00bfC\u00f3mo redimir este descuento?:<\/h3>\t\t\t\t<\/div>\n\t\t\t\t<div class=\"elementor-element elementor-element-bccca10 elementor-widget elementor-widget-text-editor\" data-id=\"bccca10\" data-element_type=\"widget\" data-e-type=\"widget\" data-widget_type=\"text-editor.default\">\n\t\t\t\t\t\t\t\t\t<p>Redime mediante compras en P\u00e1gina Web utilizando el c\u00f3digo de descuento personalizado<\/p>\t\t\t\t\t\t\t\t<\/div>\n\t\t\t\t<div class=\"elementor-element elementor-element-163465dd elementor-align-left elementor-widget elementor-widget-button\" data-id=\"163465dd\" data-element_type=\"widget\" data-e-type=\"widget\" data-widget_type=\"button.default\">\n\t\t\t\t\t\t\t\t\t\t<a class=\"elementor-button elementor-button-link elementor-size-lg\" href=\"#\">\n\t\t\t\t\t\t<span class=\"elementor-button-content-wrapper\">\n\t\t\t\t\t\t\t\t\t<span class=\"elementor-button-text\">\u00a1Quiero el codigo!<\/span>\n\t\t\t\t\t<\/span>\n\t\t\t\t\t<\/a>\n\t\t\t\t\t\t\t\t<\/div>\n\t\t\t\t<div class=\"elementor-element elementor-element-e5862b8 elementor-widget elementor-widget-heading\" data-id=\"e5862b8\" data-element_type=\"widget\" data-e-type=\"widget\" data-widget_type=\"heading.default\">\n\t\t\t\t\t<h3 class=\"elementor-heading-title elementor-size-default\">T\u00e9rminos y Condiciones<\/h3>\t\t\t\t<\/div>\n\t\t\t\t\t<\/div>\n\t\t<\/div>\n\t\t\t\t<div class=\"elementor-column elementor-col-50 elementor-top-column elementor-element elementor-element-b8c064f\" data-id=\"b8c064f\" data-element_type=\"column\" data-e-type=\"column\" data-settings=\"{&quot;background_background&quot;:&quot;classic&quot;,&quot;mdp_selection_sticky_column_effect_enable&quot;:false}\">\n\t\t\t<div class=\"elementor-widget-wrap elementor-element-populated\">\n\t\t\t\t\t<div class=\"elementor-background-overlay\"><\/div>\n\t\t\t\t\t\t<div class=\"elementor-element elementor-element-bc37b39 elementor-widget elementor-widget-image\" data-id=\"bc37b39\" data-element_type=\"widget\" data-e-type=\"widget\" data-widget_type=\"image.default\">\n\t\t\t\t\t\t\t\t\t\t\t\t\t\t\t<img decoding=\"async\" width=\"577\" height=\"691\" src=\"https:\/\/activesafe.com.co\/wp-content\/uploads\/2026\/05\/Captsfgnura.png\" class=\"attachment-large size-large wp-image-143\" alt=\"\" srcset=\"https:\/\/activesafe.com.co\/wp-content\/uploads\/2026\/05\/Captsfgnura.png 577w, https:\/\/activesafe.com.co\/wp-content\/uploads\/2026\/05\/Captsfgnura-251x300.png 251w\" sizes=\"(max-width: 577px) 100vw, 577px\" \/>\t\t\t\t\t\t\t\t\t\t\t\t\t\t\t<\/div>\n\t\t\t\t\t<\/div>\n\t\t<\/div>\n\t\t\t\t\t<\/div>\n\t\t<\/section>\n\t\t\t\t<\/div>\n\t\t","protected":false},"excerpt":{"rendered":"<p>Descripci\u00f3n: Descuento del 15 % en todos los art\u00edculos deportivos para adultos, categor\u00edas monta\u00f1ismo. \u00bfC\u00f3mo redimir este descuento?: Redime mediante compras en P\u00e1gina Web utilizando el c\u00f3digo de descuento personalizado \u00a1Quiero el codigo! T\u00e9rminos y Condiciones<\/p>\n","protected":false},"author":1,"featured_media":0,"parent":0,"menu_order":0,"comment_status":"closed","ping_status":"closed","template":"elementor_header_footer","meta":{"footnotes":""},"class_list":["post-160","page","type-page","status-publish","hentry"],"_links":{"self":[{"href":"https:\/\/activesafe.com.co\/index.php?rest_route=\/wp\/v2\/pages\/160","targetHints":{"allow":["GET"]}}],"collection":[{"href":"https:\/\/activesafe.com.co\/index.php?rest_route=\/wp\/v2\/pages"}],"about":[{"href":"https:\/\/activesafe.com.co\/index.php?rest_route=\/wp\/v2\/types\/page"}],"author":[{"embeddable":true,"href":"https:\/\/activesafe.com.co\/index.php?rest_route=\/wp\/v2\/users\/1"}],"replies":[{"embeddable":true,"href":"https:\/\/activesafe.com.co\/index.php?rest_route=%2Fwp%2Fv2%2Fcomments&post=160"}],"version-history":[{"count":10,"href":"https:\/\/activesafe.com.co\/index.php?rest_route=\/wp\/v2\/pages\/160\/revisions"}],"predecessor-version":[{"id":193,"href":"https:\/\/activesafe.com.co\/index.php?rest_route=\/wp\/v2\/pages\/160\/revisions\/193"}],"wp:attachment":[{"href":"https:\/\/activesafe.com.co\/index.php?rest_route=%2Fwp%2Fv2%2Fmedia&parent=160"}],"curies":[{"name":"wp","href":"https:\/\/api.w.org\/{rel}","templated":true}]}}